{"id":9417,"date":"2023-05-10T14:26:35","date_gmt":"2023-05-10T18:26:35","guid":{"rendered":"https:\/\/climatisationbs.com\/?page_id=9417"},"modified":"2023-07-31T10:09:39","modified_gmt":"2023-07-31T14:09:39","slug":"testimonials","status":"publish","type":"page","link":"https:\/\/climatisationbs.com\/en\/testimonials\/","title":{"rendered":"Testimonials"},"content":{"rendered":"<pre class=\"ti-widget\" style=\"display: none\"><template id=\"trustindex-google-widget-html\"><div class=\" ti-widget  ti-goog ti-review-text-mode-readmore ti-text-align-left\" data-no-translation=\"true\" data-plugin-version=\"13.2.8\" data-layout-id=\"4\" data-layout-category=\"slider\" data-set-id=\"light-background-large\" data-pid=\"\" data-language=\"fr\" data-close-locale=\"Fermer\" data-review-target-width=\"300\" data-css-version=\"2\" data-reply-by-locale=\"R\u00e9ponse du propri\u00e9taire\" data-only-rating-locale=\"Cet utilisateur a uniquement laiss\u00e9 une \u00e9valuation.\" data-pager-autoplay-timeout=\"6\"> <div class=\"ti-widget-container ti-col-3\"> <div class=\"ti-reviews-container\"> <div class=\"ti-controls\"> <div class=\"ti-next\" aria-label=\"Avis suivante\" role=\"button\" tabindex=\"0\"><\/div> <div class=\"ti-prev\" aria-label=\"Avis pr\u00e9c\u00e9dent\" role=\"button\" tabindex=\"0\"><\/div> <\/div> <div class=\"ti-reviews-container-wrapper\">  <div data-empty=\"0\" class=\"ti-review-item source-Google ti-image-layout-thumbnail\" data-id=\"cfcd208495d565ef66e7dff9f98764da\"> <div class=\"ti-inner\"> <div class=\"ti-review-header\"> <div class=\"ti-platform-icon ti-with-tooltip\"> <span class=\"ti-tooltip\">Publi\u00e9 sur <\/span> <trustindex-image data-imgurl=\"https:\/\/cdn.trustindex.io\/assets\/platform\/Google\/icon.svg\" alt=\"\" width=\"20\" height=\"20\" loading=\"lazy\"><\/trustindex-image> <\/div> <div class=\"ti-profile-img\"> <trustindex-image data-imgurl=\"https:\/\/lh3.googleusercontent.com\/a\/AAcHTtdILh1jHYn1K20aXv92yMMVXwFZT4XBC4sWx9wUGMHF=w40-h40-c-rp-mo-br100\" alt=\"Donald Trudel profile picture\" loading=\"lazy\"><\/trustindex-image> <\/div> <div class=\"ti-profile-details\"> <div class=\"ti-name\"> Donald Trudel <\/div> <div class=\"ti-date\">05\/07\/2023<\/div> <\/div> <\/div> <span class=\"ti-stars\"><trustindex-image class=\"ti-star\" data-imgurl=\"https:\/\/cdn.trustindex.io\/assets\/platform\/Google\/star\/f.svg\" alt=\"Google\" width=\"17\" height=\"17\" loading=\"lazy\"><\/trustindex-image><trustindex-image class=\"ti-star\" data-imgurl=\"https:\/\/cdn.trustindex.io\/assets\/platform\/Google\/star\/f.svg\" alt=\"Google\" width=\"17\" height=\"17\" loading=\"lazy\"><\/trustindex-image><trustindex-image class=\"ti-star\" data-imgurl=\"https:\/\/cdn.trustindex.io\/assets\/platform\/Google\/star\/f.svg\" alt=\"Google\" width=\"17\" height=\"17\" loading=\"lazy\"><\/trustindex-image><trustindex-image class=\"ti-star\" data-imgurl=\"https:\/\/cdn.trustindex.io\/assets\/platform\/Google\/star\/f.svg\" alt=\"Google\" width=\"17\" height=\"17\" loading=\"lazy\"><\/trustindex-image><trustindex-image class=\"ti-star\" data-imgurl=\"https:\/\/cdn.trustindex.io\/assets\/platform\/Google\/star\/f.svg\" alt=\"Google\" width=\"17\" height=\"17\" loading=\"lazy\"><\/trustindex-image><span class=\"ti-verified-review ti-verified-platform\"><span class=\"ti-verified-tooltip\">Trustindex v\u00e9rifie que la source originale de l'avis est Google.<\/span><\/span><\/span> <div class=\"ti-review-text-container ti-review-content\"><!-- R-CONTENT -->Tr\u00e8s bon service des installateurs, tr\u00e8s comp\u00e9tents et tr\u00e8s gentil, les produits de tr\u00e8s bonnes qualit\u00e9<!-- R-CONTENT --><\/div> <span class=\"ti-read-more\" data-container=\".ti-review-content\" data-collapse-text=\"Cacher\" data-open-text=\"Lire la suite\"><\/span> <\/div> <\/div>  <div data-empty=\"0\" class=\"ti-review-item source-Google ti-image-layout-thumbnail\" data-id=\"cfcd208495d565ef66e7dff9f98764da\"> <div class=\"ti-inner\"> <div class=\"ti-review-header\"> <div class=\"ti-platform-icon ti-with-tooltip\"> <span class=\"ti-tooltip\">Publi\u00e9 sur <\/span> <trustindex-image data-imgurl=\"https:\/\/cdn.trustindex.io\/assets\/platform\/Google\/icon.svg\" alt=\"\" width=\"20\" height=\"20\" loading=\"lazy\"><\/trustindex-image> <\/div> <div class=\"ti-profile-img\"> <trustindex-image data-imgurl=\"https:\/\/lh3.googleusercontent.com\/a\/AAcHTtf66DgUTyUUakhdIECHT18l-6xslsUFwuPe-4oeZ1NgQNQ=w40-h40-c-rp-mo-br100\" alt=\"Maryse Rancourt profile picture\" loading=\"lazy\"><\/trustindex-image> <\/div> <div class=\"ti-profile-details\"> <div class=\"ti-name\"> Maryse Rancourt <\/div> <div class=\"ti-date\">03\/07\/2023<\/div> <\/div> <\/div> <span class=\"ti-stars\"><trustindex-image class=\"ti-star\" data-imgurl=\"https:\/\/cdn.trustindex.io\/assets\/platform\/Google\/star\/f.svg\" alt=\"Google\" width=\"17\" height=\"17\" loading=\"lazy\"><\/trustindex-image><trustindex-image class=\"ti-star\" data-imgurl=\"https:\/\/cdn.trustindex.io\/assets\/platform\/Google\/star\/f.svg\" alt=\"Google\" width=\"17\" height=\"17\" loading=\"lazy\"><\/trustindex-image><trustindex-image class=\"ti-star\" data-imgurl=\"https:\/\/cdn.trustindex.io\/assets\/platform\/Google\/star\/f.svg\" alt=\"Google\" width=\"17\" height=\"17\" loading=\"lazy\"><\/trustindex-image><trustindex-image class=\"ti-star\" data-imgurl=\"https:\/\/cdn.trustindex.io\/assets\/platform\/Google\/star\/f.svg\" alt=\"Google\" width=\"17\" height=\"17\" loading=\"lazy\"><\/trustindex-image><trustindex-image class=\"ti-star\" data-imgurl=\"https:\/\/cdn.trustindex.io\/assets\/platform\/Google\/star\/f.svg\" alt=\"Google\" width=\"17\" height=\"17\" loading=\"lazy\"><\/trustindex-image><span class=\"ti-verified-review ti-verified-platform\"><span class=\"ti-verified-tooltip\">Trustindex v\u00e9rifie que la source originale de l'avis est Google.<\/span><\/span><\/span> <div class=\"ti-review-text-container ti-review-content\"><!-- R-CONTENT -->Toujours 100% satisfaite depuis 18 ans avec le service, les bons diagnostics bien expliqu\u00e9s et les prix de Climatisation BS! Tous les gens \u00e0 qui on les a recommand\u00e9s sont aussi satisfaits que nous. Un de leurs frigoristes me disait ce matin qu\u2019ils sont en processus d\u2019am\u00e9lioration continue pour le service \u00e0 la client\u00e8le et mettent en ce moment de nouvelles proc\u00e9dures en place. D\u00e9j\u00e0 qu\u2019on les trouvait bons\u2026 En pleine canicule , on a re\u00e7u leur service de r\u00e9paration en moins de 24h! Notre thermopompe a 18 ans et malgr\u00e9 2-3 appels de service pour des ajustements ou bris mineurs avec le temps, on nous a confirm\u00e9 ce matin qu\u2019elle est toujours en tr\u00e8s bon \u00e9tat.<!-- R-CONTENT --><\/div> <span class=\"ti-read-more\" data-container=\".ti-review-content\" data-collapse-text=\"Cacher\" data-open-text=\"Lire la suite\"><\/span> <\/div> <\/div>  <div data-empty=\"0\" class=\"ti-review-item source-Google ti-image-layout-thumbnail\" data-id=\"cfcd208495d565ef66e7dff9f98764da\"> <div class=\"ti-inner\"> <div class=\"ti-review-header\"> <div class=\"ti-platform-icon ti-with-tooltip\"> <span class=\"ti-tooltip\">Publi\u00e9 sur <\/span> <trustindex-image data-imgurl=\"https:\/\/cdn.trustindex.io\/assets\/platform\/Google\/icon.svg\" alt=\"\" width=\"20\" height=\"20\" loading=\"lazy\"><\/trustindex-image> <\/div> <div class=\"ti-profile-img\"> <trustindex-image data-imgurl=\"https:\/\/lh3.googleusercontent.com\/a-\/AD_cMMRQf7JR6WUJJ7cVDX_csnIwNa9gtxYlClmEJpepajXdXHp1=w40-h40-c-rp-mo-ba5-br100\" alt=\"JB Aubry profile picture\" loading=\"lazy\"><\/trustindex-image> <\/div> <div class=\"ti-profile-details\"> <div class=\"ti-name\"> JB Aubry <\/div> <div class=\"ti-date\">30\/06\/2023<\/div> <\/div> <\/div> <span class=\"ti-stars\"><trustindex-image class=\"ti-star\" data-imgurl=\"https:\/\/cdn.trustindex.io\/assets\/platform\/Google\/star\/f.svg\" alt=\"Google\" width=\"17\" height=\"17\" loading=\"lazy\"><\/trustindex-image><trustindex-image class=\"ti-star\" data-imgurl=\"https:\/\/cdn.trustindex.io\/assets\/platform\/Google\/star\/f.svg\" alt=\"Google\" width=\"17\" height=\"17\" loading=\"lazy\"><\/trustindex-image><trustindex-image class=\"ti-star\" data-imgurl=\"https:\/\/cdn.trustindex.io\/assets\/platform\/Google\/star\/f.svg\" alt=\"Google\" width=\"17\" height=\"17\" loading=\"lazy\"><\/trustindex-image><trustindex-image class=\"ti-star\" data-imgurl=\"https:\/\/cdn.trustindex.io\/assets\/platform\/Google\/star\/f.svg\" alt=\"Google\" width=\"17\" height=\"17\" loading=\"lazy\"><\/trustindex-image><trustindex-image class=\"ti-star\" data-imgurl=\"https:\/\/cdn.trustindex.io\/assets\/platform\/Google\/star\/f.svg\" alt=\"Google\" width=\"17\" height=\"17\" loading=\"lazy\"><\/trustindex-image><span class=\"ti-verified-review ti-verified-platform\"><span class=\"ti-verified-tooltip\">Trustindex v\u00e9rifie que la source originale de l'avis est Google.<\/span><\/span><\/span> <div class=\"ti-review-text-container ti-review-content\"><!-- R-CONTENT -->Service rapide et efficace. Client depuis plusieurs ann\u00e9es et tr\u00e8s satisfait<!-- R-CONTENT --><\/div> <span class=\"ti-read-more\" data-container=\".ti-review-content\" data-collapse-text=\"Cacher\" data-open-text=\"Lire la suite\"><\/span> <\/div> <\/div>  <div data-empty=\"0\" class=\"ti-review-item source-Google ti-image-layout-thumbnail\" data-id=\"cfcd208495d565ef66e7dff9f98764da\"> <div class=\"ti-inner\"> <div class=\"ti-review-header\"> <div class=\"ti-platform-icon ti-with-tooltip\"> <span class=\"ti-tooltip\">Publi\u00e9 sur <\/span> <trustindex-image data-imgurl=\"https:\/\/cdn.trustindex.io\/assets\/platform\/Google\/icon.svg\" alt=\"\" width=\"20\" height=\"20\" loading=\"lazy\"><\/trustindex-image> <\/div> <div class=\"ti-profile-img\"> <trustindex-image data-imgurl=\"https:\/\/lh3.googleusercontent.com\/a\/AAcHTtc87iVsDnT6uNYUBsExXvGJIOU_Gvf4puN_5fxYravo=w40-h40-c-rp-mo-br100\" alt=\"Dominic M\u00e9thot-Plante profile picture\" loading=\"lazy\"><\/trustindex-image> <\/div> <div class=\"ti-profile-details\"> <div class=\"ti-name\"> Dominic M\u00e9thot-Plante <\/div> <div class=\"ti-date\">30\/06\/2023<\/div> <\/div> <\/div> <span class=\"ti-stars\"><trustindex-image class=\"ti-star\" data-imgurl=\"https:\/\/cdn.trustindex.io\/assets\/platform\/Google\/star\/f.svg\" alt=\"Google\" width=\"17\" height=\"17\" loading=\"lazy\"><\/trustindex-image><trustindex-image class=\"ti-star\" data-imgurl=\"https:\/\/cdn.trustindex.io\/assets\/platform\/Google\/star\/f.svg\" alt=\"Google\" width=\"17\" height=\"17\" loading=\"lazy\"><\/trustindex-image><trustindex-image class=\"ti-star\" data-imgurl=\"https:\/\/cdn.trustindex.io\/assets\/platform\/Google\/star\/f.svg\" alt=\"Google\" width=\"17\" height=\"17\" loading=\"lazy\"><\/trustindex-image><trustindex-image class=\"ti-star\" data-imgurl=\"https:\/\/cdn.trustindex.io\/assets\/platform\/Google\/star\/f.svg\" alt=\"Google\" width=\"17\" height=\"17\" loading=\"lazy\"><\/trustindex-image><trustindex-image class=\"ti-star\" data-imgurl=\"https:\/\/cdn.trustindex.io\/assets\/platform\/Google\/star\/f.svg\" alt=\"Google\" width=\"17\" height=\"17\" loading=\"lazy\"><\/trustindex-image><span class=\"ti-verified-review ti-verified-platform\"><span class=\"ti-verified-tooltip\">Trustindex v\u00e9rifie que la source originale de l'avis est Google.<\/span><\/span><\/span> <div class=\"ti-review-text-container ti-review-content\"><!-- R-CONTENT -->Nous sommes tr\u00e8s satisfaits du service offert par cette compagnie. Les employ\u00e9s \u00e9taient extr\u00eamement ponctuels et polis. Tr\u00e8s rapide comme installation. Tr\u00e8s professionnels.<!-- R-CONTENT --><\/div> <span class=\"ti-read-more\" data-container=\".ti-review-content\" data-collapse-text=\"Cacher\" data-open-text=\"Lire la suite\"><\/span> <\/div> <\/div>  <div data-empty=\"0\" class=\"ti-review-item source-Google ti-image-layout-thumbnail\" data-id=\"cfcd208495d565ef66e7dff9f98764da\"> <div class=\"ti-inner\"> <div class=\"ti-review-header\"> <div class=\"ti-platform-icon ti-with-tooltip\"> <span class=\"ti-tooltip\">Publi\u00e9 sur <\/span> <trustindex-image data-imgurl=\"https:\/\/cdn.trustindex.io\/assets\/platform\/Google\/icon.svg\" alt=\"\" width=\"20\" height=\"20\" loading=\"lazy\"><\/trustindex-image> <\/div> <div class=\"ti-profile-img\"> <trustindex-image data-imgurl=\"https:\/\/lh3.googleusercontent.com\/a\/AAcHTte8NMvdsA1zWi0TDxJq2uLnVJtl1XvFUPsuCT5GuAZL=w40-h40-c-rp-mo-br100\" alt=\"Julie Dufresne profile picture\" loading=\"lazy\"><\/trustindex-image> <\/div> <div class=\"ti-profile-details\"> <div class=\"ti-name\"> Julie Dufresne <\/div> <div class=\"ti-date\">29\/06\/2023<\/div> <\/div> <\/div> <span class=\"ti-stars\"><trustindex-image class=\"ti-star\" data-imgurl=\"https:\/\/cdn.trustindex.io\/assets\/platform\/Google\/star\/f.svg\" alt=\"Google\" width=\"17\" height=\"17\" loading=\"lazy\"><\/trustindex-image><trustindex-image class=\"ti-star\" data-imgurl=\"https:\/\/cdn.trustindex.io\/assets\/platform\/Google\/star\/f.svg\" alt=\"Google\" width=\"17\" height=\"17\" loading=\"lazy\"><\/trustindex-image><trustindex-image class=\"ti-star\" data-imgurl=\"https:\/\/cdn.trustindex.io\/assets\/platform\/Google\/star\/f.svg\" alt=\"Google\" width=\"17\" height=\"17\" loading=\"lazy\"><\/trustindex-image><trustindex-image class=\"ti-star\" data-imgurl=\"https:\/\/cdn.trustindex.io\/assets\/platform\/Google\/star\/f.svg\" alt=\"Google\" width=\"17\" height=\"17\" loading=\"lazy\"><\/trustindex-image><trustindex-image class=\"ti-star\" data-imgurl=\"https:\/\/cdn.trustindex.io\/assets\/platform\/Google\/star\/f.svg\" alt=\"Google\" width=\"17\" height=\"17\" loading=\"lazy\"><\/trustindex-image><span class=\"ti-verified-review ti-verified-platform\"><span class=\"ti-verified-tooltip\">Trustindex v\u00e9rifie que la source originale de l'avis est Google.<\/span><\/span><\/span> <div class=\"ti-review-text-container ti-review-content\"><!-- R-CONTENT -->Excellent service de Jenny de Climatisation BS! Je te f\u00e9licite!\nUn gros merci pour avoir r\u00e9par\u00e9 mon air climatis\u00e9!<!-- R-CONTENT --><\/div> <span class=\"ti-read-more\" data-container=\".ti-review-content\" data-collapse-text=\"Cacher\" data-open-text=\"Lire la suite\"><\/span> <\/div> <\/div>  <div data-empty=\"0\" class=\"ti-review-item source-Google ti-image-layout-thumbnail\" data-id=\"cfcd208495d565ef66e7dff9f98764da\"> <div class=\"ti-inner\"> <div class=\"ti-review-header\"> <div class=\"ti-platform-icon ti-with-tooltip\"> <span class=\"ti-tooltip\">Publi\u00e9 sur <\/span> <trustindex-image data-imgurl=\"https:\/\/cdn.trustindex.io\/assets\/platform\/Google\/icon.svg\" alt=\"\" width=\"20\" height=\"20\" loading=\"lazy\"><\/trustindex-image> <\/div> <div class=\"ti-profile-img\"> <trustindex-image data-imgurl=\"https:\/\/lh3.googleusercontent.com\/a\/AAcHTtdWgvnU8x79UkZnaT-jvDmzyiFpQJxqFR8uyYcn_lcB=w40-h40-c-rp-mo-br100\" alt=\"caroline jean profile picture\" loading=\"lazy\"><\/trustindex-image> <\/div> <div class=\"ti-profile-details\"> <div class=\"ti-name\"> caroline jean <\/div> <div class=\"ti-date\">27\/06\/2023<\/div> <\/div> <\/div> <span class=\"ti-stars\"><trustindex-image class=\"ti-star\" data-imgurl=\"https:\/\/cdn.trustindex.io\/assets\/platform\/Google\/star\/f.svg\" alt=\"Google\" width=\"17\" height=\"17\" loading=\"lazy\"><\/trustindex-image><trustindex-image class=\"ti-star\" data-imgurl=\"https:\/\/cdn.trustindex.io\/assets\/platform\/Google\/star\/f.svg\" alt=\"Google\" width=\"17\" height=\"17\" loading=\"lazy\"><\/trustindex-image><trustindex-image class=\"ti-star\" data-imgurl=\"https:\/\/cdn.trustindex.io\/assets\/platform\/Google\/star\/f.svg\" alt=\"Google\" width=\"17\" height=\"17\" loading=\"lazy\"><\/trustindex-image><trustindex-image class=\"ti-star\" data-imgurl=\"https:\/\/cdn.trustindex.io\/assets\/platform\/Google\/star\/f.svg\" alt=\"Google\" width=\"17\" height=\"17\" loading=\"lazy\"><\/trustindex-image><trustindex-image class=\"ti-star\" data-imgurl=\"https:\/\/cdn.trustindex.io\/assets\/platform\/Google\/star\/f.svg\" alt=\"Google\" width=\"17\" height=\"17\" loading=\"lazy\"><\/trustindex-image><span class=\"ti-verified-review ti-verified-platform\"><span class=\"ti-verified-tooltip\">Trustindex v\u00e9rifie que la source originale de l'avis est Google.<\/span><\/span><\/span> <div class=\"ti-review-text-container ti-review-content\"><!-- R-CONTENT -->Bonjour,\nJ'aimerais souligner le professionnalisme et  l'efficacit\u00e9 de l'entreprise climatisation BS. Plusieurs \u00e9quipes se sont chevauch\u00e9es chez moi pour le retrait et l'installation par la suite d'une thermopompe et d'un syst\u00e8me de chauffage.  Les employ\u00e9s tous tr\u00e8s sympathiques et comp\u00e9tents ont faits un travail remarquable. On a su aussi me conseiller je crois judicieusement.\nMerci je suis tr\u00e8s satisfaite.<!-- R-CONTENT --><\/div> <span class=\"ti-read-more\" data-container=\".ti-review-content\" data-collapse-text=\"Cacher\" data-open-text=\"Lire la suite\"><\/span> <\/div> <\/div>  <\/div> <div class=\"ti-controls-line\"> <div class=\"dot\"><\/div> <\/div> <\/div>    <\/div> <\/div> <\/template><\/pre><div data-src=\"https:\/\/cdn.trustindex.io\/loader.js?wp-widget\" data-template-id=\"trustindex-google-widget-html\" data-css-url=\"https:\/\/climatisationbs.com\/wp-content\/uploads\/trustindex-google-widget.css?1774238667\"><\/div>\n","protected":false},"excerpt":{"rendered":"Publi\u00e9 sur Donald Trudel 05\/07\/2023 Trustindex v\u00e9rifie que la source originale de l'avis est Google. Tr\u00e8s bon service des installateurs, tr\u00e8s comp\u00e9tents et tr\u00e8s gentil, les produits de tr\u00e8s bonnes qualit\u00e9 Publi\u00e9 sur Maryse Rancourt 03\/07\/2023 Trustindex v\u00e9rifie que la source originale de l'avis est Google. Toujours 100% satisfaite depuis 18 ans avec le service, [...]","protected":false},"author":270,"featured_media":9415,"parent":0,"menu_order":0,"comment_status":"closed","ping_status":"closed","template":"","meta":{"_acf_changed":false,"footnotes":""},"class_list":["post-9417","page","type-page","status-publish","has-post-thumbnail","hentry"],"acf":[],"yoast_head":"<!-- This site is optimized with the Yoast SEO plugin v27.3 - https:\/\/yoast.com\/product\/yoast-seo-wordpress\/ -->\n<title>Customer Testimonials for Air Conditioning B.S. Inc.<\/title>\n<meta name=\"description\" content=\"Customer Testimonials for Air Conditioning B.S. Inc. The company specializes in the installation and maintenance of heating and cooling systems\" \/>\n<meta name=\"robots\" content=\"index, follow, max-snippet:-1, max-image-preview:large, max-video-preview:-1\" \/>\n<link rel=\"canonical\" href=\"https:\/\/climatisationbs.com\/en\/testimonials\/\" \/>\n<meta property=\"og:locale\" content=\"en_US\" \/>\n<meta property=\"og:type\" content=\"article\" \/>\n<meta property=\"og:title\" content=\"Customer Testimonials for Air Conditioning B.S. Inc.\" \/>\n<meta property=\"og:description\" content=\"Customer Testimonials for Air Conditioning B.S. Inc. The company specializes in the installation and maintenance of heating and cooling systems\" \/>\n<meta property=\"og:url\" content=\"https:\/\/climatisationbs.com\/en\/testimonials\/\" \/>\n<meta property=\"og:site_name\" content=\"Climatisation B.S inc - Laval\" \/>\n<meta property=\"article:publisher\" content=\"http:\/\/climatisation-bs\" \/>\n<meta property=\"article:modified_time\" content=\"2023-07-31T14:09:39+00:00\" \/>\n<meta property=\"og:image\" content=\"https:\/\/climatisationbs.com\/wp-content\/uploads\/2023\/05\/Sans-titre-33.png\" \/>\n\t<meta property=\"og:image:width\" content=\"2560\" \/>\n\t<meta property=\"og:image:height\" content=\"463\" \/>\n\t<meta property=\"og:image:type\" content=\"image\/png\" \/>\n<meta name=\"twitter:card\" content=\"summary_large_image\" \/>\n<meta name=\"twitter:label1\" content=\"Est. reading time\" \/>\n\t<meta name=\"twitter:data1\" content=\"1 minute\" \/>\n<script type=\"application\/ld+json\" class=\"yoast-schema-graph\">{\"@context\":\"https:\\\/\\\/schema.org\",\"@graph\":[{\"@type\":\"WebPage\",\"@id\":\"https:\\\/\\\/climatisationbs.com\\\/en\\\/testimonials\\\/\",\"url\":\"https:\\\/\\\/climatisationbs.com\\\/en\\\/testimonials\\\/\",\"name\":\"Customer Testimonials for Air Conditioning B.S. Inc.\",\"isPartOf\":{\"@id\":\"https:\\\/\\\/climatisationbs.com\\\/#website\"},\"primaryImageOfPage\":{\"@id\":\"https:\\\/\\\/climatisationbs.com\\\/en\\\/testimonials\\\/#primaryimage\"},\"image\":{\"@id\":\"https:\\\/\\\/climatisationbs.com\\\/en\\\/testimonials\\\/#primaryimage\"},\"thumbnailUrl\":\"https:\\\/\\\/climatisationbs.com\\\/wp-content\\\/uploads\\\/2023\\\/05\\\/Sans-titre-33.png\",\"datePublished\":\"2023-05-10T18:26:35+00:00\",\"dateModified\":\"2023-07-31T14:09:39+00:00\",\"description\":\"Customer Testimonials for Air Conditioning B.S. Inc. The company specializes in the installation and maintenance of heating and cooling systems\",\"breadcrumb\":{\"@id\":\"https:\\\/\\\/climatisationbs.com\\\/en\\\/testimonials\\\/#breadcrumb\"},\"inLanguage\":\"en-US\",\"potentialAction\":[{\"@type\":\"ReadAction\",\"target\":[\"https:\\\/\\\/climatisationbs.com\\\/en\\\/testimonials\\\/\"]}]},{\"@type\":\"ImageObject\",\"inLanguage\":\"en-US\",\"@id\":\"https:\\\/\\\/climatisationbs.com\\\/en\\\/testimonials\\\/#primaryimage\",\"url\":\"https:\\\/\\\/climatisationbs.com\\\/wp-content\\\/uploads\\\/2023\\\/05\\\/Sans-titre-33.png\",\"contentUrl\":\"https:\\\/\\\/climatisationbs.com\\\/wp-content\\\/uploads\\\/2023\\\/05\\\/Sans-titre-33.png\",\"width\":2560,\"height\":463},{\"@type\":\"BreadcrumbList\",\"@id\":\"https:\\\/\\\/climatisationbs.com\\\/en\\\/testimonials\\\/#breadcrumb\",\"itemListElement\":[{\"@type\":\"ListItem\",\"position\":1,\"name\":\"Accueil\",\"item\":\"https:\\\/\\\/climatisationbs.com\\\/en\\\/\"},{\"@type\":\"ListItem\",\"position\":2,\"name\":\"Testimonials\"}]},{\"@type\":\"WebSite\",\"@id\":\"https:\\\/\\\/climatisationbs.com\\\/#website\",\"url\":\"https:\\\/\\\/climatisationbs.com\\\/\",\"name\":\"Climatisation B.S inc - Laval\",\"description\":\"\",\"potentialAction\":[{\"@type\":\"SearchAction\",\"target\":{\"@type\":\"EntryPoint\",\"urlTemplate\":\"https:\\\/\\\/climatisationbs.com\\\/?s={search_term_string}\"},\"query-input\":{\"@type\":\"PropertyValueSpecification\",\"valueRequired\":true,\"valueName\":\"search_term_string\"}}],\"inLanguage\":\"en-US\"}]}<\/script>\n<!-- \/ Yoast SEO plugin. -->","yoast_head_json":{"title":"Customer Testimonials for Air Conditioning B.S. Inc.","description":"Customer Testimonials for Air Conditioning B.S. Inc. The company specializes in the installation and maintenance of heating and cooling systems","robots":{"index":"index","follow":"follow","max-snippet":"max-snippet:-1","max-image-preview":"max-image-preview:large","max-video-preview":"max-video-preview:-1"},"canonical":"https:\/\/climatisationbs.com\/en\/testimonials\/","og_locale":"en_US","og_type":"article","og_title":"Customer Testimonials for Air Conditioning B.S. Inc.","og_description":"Customer Testimonials for Air Conditioning B.S. Inc. The company specializes in the installation and maintenance of heating and cooling systems","og_url":"https:\/\/climatisationbs.com\/en\/testimonials\/","og_site_name":"Climatisation B.S inc - Laval","article_publisher":"http:\/\/climatisation-bs","article_modified_time":"2023-07-31T14:09:39+00:00","og_image":[{"width":2560,"height":463,"url":"https:\/\/climatisationbs.com\/wp-content\/uploads\/2023\/05\/Sans-titre-33.png","type":"image\/png"}],"twitter_card":"summary_large_image","twitter_misc":{"Est. reading time":"1 minute"},"schema":{"@context":"https:\/\/schema.org","@graph":[{"@type":"WebPage","@id":"https:\/\/climatisationbs.com\/en\/testimonials\/","url":"https:\/\/climatisationbs.com\/en\/testimonials\/","name":"Customer Testimonials for Air Conditioning B.S. Inc.","isPartOf":{"@id":"https:\/\/climatisationbs.com\/#website"},"primaryImageOfPage":{"@id":"https:\/\/climatisationbs.com\/en\/testimonials\/#primaryimage"},"image":{"@id":"https:\/\/climatisationbs.com\/en\/testimonials\/#primaryimage"},"thumbnailUrl":"https:\/\/climatisationbs.com\/wp-content\/uploads\/2023\/05\/Sans-titre-33.png","datePublished":"2023-05-10T18:26:35+00:00","dateModified":"2023-07-31T14:09:39+00:00","description":"Customer Testimonials for Air Conditioning B.S. Inc. The company specializes in the installation and maintenance of heating and cooling systems","breadcrumb":{"@id":"https:\/\/climatisationbs.com\/en\/testimonials\/#breadcrumb"},"inLanguage":"en-US","potentialAction":[{"@type":"ReadAction","target":["https:\/\/climatisationbs.com\/en\/testimonials\/"]}]},{"@type":"ImageObject","inLanguage":"en-US","@id":"https:\/\/climatisationbs.com\/en\/testimonials\/#primaryimage","url":"https:\/\/climatisationbs.com\/wp-content\/uploads\/2023\/05\/Sans-titre-33.png","contentUrl":"https:\/\/climatisationbs.com\/wp-content\/uploads\/2023\/05\/Sans-titre-33.png","width":2560,"height":463},{"@type":"BreadcrumbList","@id":"https:\/\/climatisationbs.com\/en\/testimonials\/#breadcrumb","itemListElement":[{"@type":"ListItem","position":1,"name":"Accueil","item":"https:\/\/climatisationbs.com\/en\/"},{"@type":"ListItem","position":2,"name":"Testimonials"}]},{"@type":"WebSite","@id":"https:\/\/climatisationbs.com\/#website","url":"https:\/\/climatisationbs.com\/","name":"Climatisation B.S inc - Laval","description":"","potentialAction":[{"@type":"SearchAction","target":{"@type":"EntryPoint","urlTemplate":"https:\/\/climatisationbs.com\/?s={search_term_string}"},"query-input":{"@type":"PropertyValueSpecification","valueRequired":true,"valueName":"search_term_string"}}],"inLanguage":"en-US"}]}},"_links":{"self":[{"href":"https:\/\/climatisationbs.com\/en\/wp-json\/wp\/v2\/pages\/9417","targetHints":{"allow":["GET"]}}],"collection":[{"href":"https:\/\/climatisationbs.com\/en\/wp-json\/wp\/v2\/pages"}],"about":[{"href":"https:\/\/climatisationbs.com\/en\/wp-json\/wp\/v2\/types\/page"}],"author":[{"embeddable":true,"href":"https:\/\/climatisationbs.com\/en\/wp-json\/wp\/v2\/users\/270"}],"replies":[{"embeddable":true,"href":"https:\/\/climatisationbs.com\/en\/wp-json\/wp\/v2\/comments?post=9417"}],"version-history":[{"count":2,"href":"https:\/\/climatisationbs.com\/en\/wp-json\/wp\/v2\/pages\/9417\/revisions"}],"predecessor-version":[{"id":9419,"href":"https:\/\/climatisationbs.com\/en\/wp-json\/wp\/v2\/pages\/9417\/revisions\/9419"}],"wp:featuredmedia":[{"embeddable":true,"href":"https:\/\/climatisationbs.com\/en\/wp-json\/wp\/v2\/media\/9415"}],"wp:attachment":[{"href":"https:\/\/climatisationbs.com\/en\/wp-json\/wp\/v2\/media?parent=9417"}],"curies":[{"name":"wp","href":"https:\/\/api.w.org\/{rel}","templated":true}]}}